{"id":10817,"date":"2022-03-14T10:14:18","date_gmt":"2022-03-14T10:14:18","guid":{"rendered":"https:\/\/www.bvrio.org\/home\/"},"modified":"2026-03-11T15:16:37","modified_gmt":"2026-03-11T15:16:37","slug":"home","status":"publish","type":"page","link":"https:\/\/www.bvrio.org\/pt-br\/","title":{"rendered":"Home"},"content":{"rendered":"","protected":false},"excerpt":{"rendered":"","protected":false},"author":2,"featured_media":0,"parent":0,"menu_order":0,"comment_status":"closed","ping_status":"closed","template":"page-home.php","meta":{"footnotes":""},"class_list":["post-10817","page","type-page","status-publish","hentry"],"acf":[],"yoast_head":"<!-- This site is optimized with the Yoast SEO plugin v22.0 - https:\/\/yoast.com\/wordpress\/plugins\/seo\/ -->\n<title>Home | BVRIO<\/title>\n<meta name=\"description\" content=\"A BVRio \u00e9 uma organiza\u00e7\u00e3o sem fins lucrativos com um prop\u00f3sito diferente: criar e promover solu\u00e7\u00f5es de mercado inovadoras para o benef\u00edcio da economia, do meio ambiente e da sociedade como um todo.\" \/>\n<meta name=\"robots\" content=\"index, follow, max-snippet:-1, max-image-preview:large, max-video-preview:-1\" \/>\n<link rel=\"canonical\" href=\"https:\/\/www.bvrio.org\/pt-br\/\" \/>\n<meta property=\"og:locale\" content=\"pt_BR\" \/>\n<meta property=\"og:type\" content=\"article\" \/>\n<meta property=\"og:title\" content=\"Home | BVRIO\" \/>\n<meta property=\"og:description\" content=\"A BVRio \u00e9 uma organiza\u00e7\u00e3o sem fins lucrativos com um prop\u00f3sito diferente: criar e promover solu\u00e7\u00f5es de mercado inovadoras para o benef\u00edcio da economia, do meio ambiente e da sociedade como um todo.\" \/>\n<meta property=\"og:url\" content=\"https:\/\/www.bvrio.org\/pt-br\/\" \/>\n<meta property=\"og:site_name\" content=\"BVRIO\" \/>\n<meta property=\"article:modified_time\" content=\"2026-03-11T15:16:37+00:00\" \/>\n<meta name=\"twitter:card\" content=\"summary_large_image\" \/>\n<script type=\"application\/ld+json\" class=\"yoast-schema-graph\">{\"@context\":\"https:\/\/schema.org\",\"@graph\":[{\"@type\":\"WebPage\",\"@id\":\"https:\/\/www.bvrio.org\/pt-br\/\",\"url\":\"https:\/\/www.bvrio.org\/pt-br\/\",\"name\":\"Home | BVRIO\",\"isPartOf\":{\"@id\":\"https:\/\/www.bvrio.org\/pt-br\/#website\"},\"datePublished\":\"2022-03-14T10:14:18+00:00\",\"dateModified\":\"2026-03-11T15:16:37+00:00\",\"description\":\"A BVRio \u00e9 uma organiza\u00e7\u00e3o sem fins lucrativos com um prop\u00f3sito diferente: criar e promover solu\u00e7\u00f5es de mercado inovadoras para o benef\u00edcio da economia, do meio ambiente e da sociedade como um todo.\",\"breadcrumb\":{\"@id\":\"https:\/\/www.bvrio.org\/pt-br\/#breadcrumb\"},\"inLanguage\":\"pt-BR\",\"potentialAction\":[{\"@type\":\"ReadAction\",\"target\":[\"https:\/\/www.bvrio.org\/pt-br\/\"]}]},{\"@type\":\"BreadcrumbList\",\"@id\":\"https:\/\/www.bvrio.org\/pt-br\/#breadcrumb\",\"itemListElement\":[{\"@type\":\"ListItem\",\"position\":1,\"name\":\"Home\",\"item\":\"https:\/\/www.bvrio.org\/pt-br\/home\/\"},{\"@type\":\"ListItem\",\"position\":2,\"name\":\"Home\"}]},{\"@type\":\"WebSite\",\"@id\":\"https:\/\/www.bvrio.org\/pt-br\/#website\",\"url\":\"https:\/\/www.bvrio.org\/pt-br\/\",\"name\":\"BVRIO\",\"description\":\"BVRio (Bolsa Verde do Rio de Janeiro \u2013 Environmental Exchange of Rio de Janeiro)\",\"potentialAction\":[{\"@type\":\"SearchAction\",\"target\":{\"@type\":\"EntryPoint\",\"urlTemplate\":\"https:\/\/www.bvrio.org\/pt-br\/?s={search_term_string}\"},\"query-input\":\"required name=search_term_string\"}],\"inLanguage\":\"pt-BR\"}]}<\/script>\n<!-- \/ Yoast SEO plugin. -->","yoast_head_json":{"title":"Home | BVRIO","description":"A BVRio \u00e9 uma organiza\u00e7\u00e3o sem fins lucrativos com um prop\u00f3sito diferente: criar e promover solu\u00e7\u00f5es de mercado inovadoras para o benef\u00edcio da economia, do meio ambiente e da sociedade como um todo.","robots":{"index":"index","follow":"follow","max-snippet":"max-snippet:-1","max-image-preview":"max-image-preview:large","max-video-preview":"max-video-preview:-1"},"canonical":"https:\/\/www.bvrio.org\/pt-br\/","og_locale":"pt_BR","og_type":"article","og_title":"Home | BVRIO","og_description":"A BVRio \u00e9 uma organiza\u00e7\u00e3o sem fins lucrativos com um prop\u00f3sito diferente: criar e promover solu\u00e7\u00f5es de mercado inovadoras para o benef\u00edcio da economia, do meio ambiente e da sociedade como um todo.","og_url":"https:\/\/www.bvrio.org\/pt-br\/","og_site_name":"BVRIO","article_modified_time":"2026-03-11T15:16:37+00:00","twitter_card":"summary_large_image","schema":{"@context":"https:\/\/schema.org","@graph":[{"@type":"WebPage","@id":"https:\/\/www.bvrio.org\/pt-br\/","url":"https:\/\/www.bvrio.org\/pt-br\/","name":"Home | BVRIO","isPartOf":{"@id":"https:\/\/www.bvrio.org\/pt-br\/#website"},"datePublished":"2022-03-14T10:14:18+00:00","dateModified":"2026-03-11T15:16:37+00:00","description":"A BVRio \u00e9 uma organiza\u00e7\u00e3o sem fins lucrativos com um prop\u00f3sito diferente: criar e promover solu\u00e7\u00f5es de mercado inovadoras para o benef\u00edcio da economia, do meio ambiente e da sociedade como um todo.","breadcrumb":{"@id":"https:\/\/www.bvrio.org\/pt-br\/#breadcrumb"},"inLanguage":"pt-BR","potentialAction":[{"@type":"ReadAction","target":["https:\/\/www.bvrio.org\/pt-br\/"]}]},{"@type":"BreadcrumbList","@id":"https:\/\/www.bvrio.org\/pt-br\/#breadcrumb","itemListElement":[{"@type":"ListItem","position":1,"name":"Home","item":"https:\/\/www.bvrio.org\/pt-br\/home\/"},{"@type":"ListItem","position":2,"name":"Home"}]},{"@type":"WebSite","@id":"https:\/\/www.bvrio.org\/pt-br\/#website","url":"https:\/\/www.bvrio.org\/pt-br\/","name":"BVRIO","description":"BVRio (Bolsa Verde do Rio de Janeiro \u2013 Environmental Exchange of Rio de Janeiro)","potentialAction":[{"@type":"SearchAction","target":{"@type":"EntryPoint","urlTemplate":"https:\/\/www.bvrio.org\/pt-br\/?s={search_term_string}"},"query-input":"required name=search_term_string"}],"inLanguage":"pt-BR"}]}},"_links":{"self":[{"href":"https:\/\/www.bvrio.org\/pt-br\/wp-json\/wp\/v2\/pages\/10817","targetHints":{"allow":["GET"]}}],"collection":[{"href":"https:\/\/www.bvrio.org\/pt-br\/wp-json\/wp\/v2\/pages"}],"about":[{"href":"https:\/\/www.bvrio.org\/pt-br\/wp-json\/wp\/v2\/types\/page"}],"author":[{"embeddable":true,"href":"https:\/\/www.bvrio.org\/pt-br\/wp-json\/wp\/v2\/users\/2"}],"replies":[{"embeddable":true,"href":"https:\/\/www.bvrio.org\/pt-br\/wp-json\/wp\/v2\/comments?post=10817"}],"version-history":[{"count":1,"href":"https:\/\/www.bvrio.org\/pt-br\/wp-json\/wp\/v2\/pages\/10817\/revisions"}],"predecessor-version":[{"id":10818,"href":"https:\/\/www.bvrio.org\/pt-br\/wp-json\/wp\/v2\/pages\/10817\/revisions\/10818"}],"wp:attachment":[{"href":"https:\/\/www.bvrio.org\/pt-br\/wp-json\/wp\/v2\/media?parent=10817"}],"curies":[{"name":"wp","href":"https:\/\/api.w.org\/{rel}","templated":true}]}}