{"id":1836,"date":"2022-04-14T13:34:50","date_gmt":"2022-04-14T13:34:50","guid":{"rendered":"https:\/\/bvrio.unleash.dev\/design-e-madeira-sustentavel\/"},"modified":"2024-02-01T13:09:58","modified_gmt":"2024-02-01T13:09:58","slug":"design-e-madeira-sustentavel","status":"publish","type":"page","link":"https:\/\/www.bvrio.org\/pt-br\/design-e-madeira-sustentavel\/","title":{"rendered":"Design e Madeira Sustent\u00e1vel"},"content":{"rendered":"","protected":false},"excerpt":{"rendered":"","protected":false},"author":2,"featured_media":0,"parent":0,"menu_order":0,"comment_status":"closed","ping_status":"closed","template":"","meta":{"footnotes":""},"class_list":["post-1836","page","type-page","status-publish","hentry"],"acf":[],"yoast_head":"<!-- This site is optimized with the Yoast SEO plugin v22.0 - https:\/\/yoast.com\/wordpress\/plugins\/seo\/ -->\n<title>Design e Madeira Sustent\u00e1vel | BVRIO<\/title>\n<meta name=\"description\" content=\"A iniciativa levou designers de renome internacional ao cora\u00e7\u00e3o da Amaz\u00f4nia para compartilhar conhecimentos e novas t\u00e9cnicas de design com movelarias comunit\u00e1rias e agregar valor a pe\u00e7as feitas com madeira certificada pelo FSC\u00ae.\" \/>\n<meta name=\"robots\" content=\"index, follow, max-snippet:-1, max-image-preview:large, max-video-preview:-1\" \/>\n<link rel=\"canonical\" href=\"https:\/\/www.bvrio.org\/pt-br\/design-e-madeira-sustentavel\/\" \/>\n<meta property=\"og:locale\" content=\"pt_BR\" \/>\n<meta property=\"og:type\" content=\"article\" \/>\n<meta property=\"og:title\" content=\"Design e Madeira Sustent\u00e1vel | BVRIO\" \/>\n<meta property=\"og:description\" content=\"A iniciativa levou designers de renome internacional ao cora\u00e7\u00e3o da Amaz\u00f4nia para compartilhar conhecimentos e novas t\u00e9cnicas de design com movelarias comunit\u00e1rias e agregar valor a pe\u00e7as feitas com madeira certificada pelo FSC\u00ae.\" \/>\n<meta property=\"og:url\" content=\"https:\/\/www.bvrio.org\/pt-br\/design-e-madeira-sustentavel\/\" \/>\n<meta property=\"og:site_name\" content=\"BVRIO\" \/>\n<meta property=\"article:modified_time\" content=\"2024-02-01T13:09:58+00:00\" \/>\n<meta name=\"twitter:card\" content=\"summary_large_image\" \/>\n<script type=\"application\/ld+json\" class=\"yoast-schema-graph\">{\"@context\":\"https:\/\/schema.org\",\"@graph\":[{\"@type\":\"WebPage\",\"@id\":\"https:\/\/www.bvrio.org\/pt-br\/design-e-madeira-sustentavel\/\",\"url\":\"https:\/\/www.bvrio.org\/pt-br\/design-e-madeira-sustentavel\/\",\"name\":\"Design e Madeira Sustent\u00e1vel | BVRIO\",\"isPartOf\":{\"@id\":\"https:\/\/www.bvrio.org\/pt-br\/#website\"},\"datePublished\":\"2022-04-14T13:34:50+00:00\",\"dateModified\":\"2024-02-01T13:09:58+00:00\",\"description\":\"A iniciativa levou designers de renome internacional ao cora\u00e7\u00e3o da Amaz\u00f4nia para compartilhar conhecimentos e novas t\u00e9cnicas de design com movelarias comunit\u00e1rias e agregar valor a pe\u00e7as feitas com madeira certificada pelo FSC\u00ae.\",\"breadcrumb\":{\"@id\":\"https:\/\/www.bvrio.org\/pt-br\/design-e-madeira-sustentavel\/#breadcrumb\"},\"inLanguage\":\"pt-BR\",\"potentialAction\":[{\"@type\":\"ReadAction\",\"target\":[\"https:\/\/www.bvrio.org\/pt-br\/design-e-madeira-sustentavel\/\"]}]},{\"@type\":\"BreadcrumbList\",\"@id\":\"https:\/\/www.bvrio.org\/pt-br\/design-e-madeira-sustentavel\/#breadcrumb\",\"itemListElement\":[{\"@type\":\"ListItem\",\"position\":1,\"name\":\"Home\",\"item\":\"https:\/\/www.bvrio.org\/pt-br\/home\/\"},{\"@type\":\"ListItem\",\"position\":2,\"name\":\"Design e Madeira Sustent\u00e1vel\"}]},{\"@type\":\"WebSite\",\"@id\":\"https:\/\/www.bvrio.org\/pt-br\/#website\",\"url\":\"https:\/\/www.bvrio.org\/pt-br\/\",\"name\":\"BVRIO\",\"description\":\"BVRio (Bolsa Verde do Rio de Janeiro \u2013 Environmental Exchange of Rio de Janeiro)\",\"potentialAction\":[{\"@type\":\"SearchAction\",\"target\":{\"@type\":\"EntryPoint\",\"urlTemplate\":\"https:\/\/www.bvrio.org\/pt-br\/?s={search_term_string}\"},\"query-input\":\"required name=search_term_string\"}],\"inLanguage\":\"pt-BR\"}]}<\/script>\n<!-- \/ Yoast SEO plugin. -->","yoast_head_json":{"title":"Design e Madeira Sustent\u00e1vel | BVRIO","description":"A iniciativa levou designers de renome internacional ao cora\u00e7\u00e3o da Amaz\u00f4nia para compartilhar conhecimentos e novas t\u00e9cnicas de design com movelarias comunit\u00e1rias e agregar valor a pe\u00e7as feitas com madeira certificada pelo FSC\u00ae.","robots":{"index":"index","follow":"follow","max-snippet":"max-snippet:-1","max-image-preview":"max-image-preview:large","max-video-preview":"max-video-preview:-1"},"canonical":"https:\/\/www.bvrio.org\/pt-br\/design-e-madeira-sustentavel\/","og_locale":"pt_BR","og_type":"article","og_title":"Design e Madeira Sustent\u00e1vel | BVRIO","og_description":"A iniciativa levou designers de renome internacional ao cora\u00e7\u00e3o da Amaz\u00f4nia para compartilhar conhecimentos e novas t\u00e9cnicas de design com movelarias comunit\u00e1rias e agregar valor a pe\u00e7as feitas com madeira certificada pelo FSC\u00ae.","og_url":"https:\/\/www.bvrio.org\/pt-br\/design-e-madeira-sustentavel\/","og_site_name":"BVRIO","article_modified_time":"2024-02-01T13:09:58+00:00","twitter_card":"summary_large_image","schema":{"@context":"https:\/\/schema.org","@graph":[{"@type":"WebPage","@id":"https:\/\/www.bvrio.org\/pt-br\/design-e-madeira-sustentavel\/","url":"https:\/\/www.bvrio.org\/pt-br\/design-e-madeira-sustentavel\/","name":"Design e Madeira Sustent\u00e1vel | BVRIO","isPartOf":{"@id":"https:\/\/www.bvrio.org\/pt-br\/#website"},"datePublished":"2022-04-14T13:34:50+00:00","dateModified":"2024-02-01T13:09:58+00:00","description":"A iniciativa levou designers de renome internacional ao cora\u00e7\u00e3o da Amaz\u00f4nia para compartilhar conhecimentos e novas t\u00e9cnicas de design com movelarias comunit\u00e1rias e agregar valor a pe\u00e7as feitas com madeira certificada pelo FSC\u00ae.","breadcrumb":{"@id":"https:\/\/www.bvrio.org\/pt-br\/design-e-madeira-sustentavel\/#breadcrumb"},"inLanguage":"pt-BR","potentialAction":[{"@type":"ReadAction","target":["https:\/\/www.bvrio.org\/pt-br\/design-e-madeira-sustentavel\/"]}]},{"@type":"BreadcrumbList","@id":"https:\/\/www.bvrio.org\/pt-br\/design-e-madeira-sustentavel\/#breadcrumb","itemListElement":[{"@type":"ListItem","position":1,"name":"Home","item":"https:\/\/www.bvrio.org\/pt-br\/home\/"},{"@type":"ListItem","position":2,"name":"Design e Madeira Sustent\u00e1vel"}]},{"@type":"WebSite","@id":"https:\/\/www.bvrio.org\/pt-br\/#website","url":"https:\/\/www.bvrio.org\/pt-br\/","name":"BVRIO","description":"BVRio (Bolsa Verde do Rio de Janeiro \u2013 Environmental Exchange of Rio de Janeiro)","potentialAction":[{"@type":"SearchAction","target":{"@type":"EntryPoint","urlTemplate":"https:\/\/www.bvrio.org\/pt-br\/?s={search_term_string}"},"query-input":"required name=search_term_string"}],"inLanguage":"pt-BR"}]}},"_links":{"self":[{"href":"https:\/\/www.bvrio.org\/pt-br\/wp-json\/wp\/v2\/pages\/1836","targetHints":{"allow":["GET"]}}],"collection":[{"href":"https:\/\/www.bvrio.org\/pt-br\/wp-json\/wp\/v2\/pages"}],"about":[{"href":"https:\/\/www.bvrio.org\/pt-br\/wp-json\/wp\/v2\/types\/page"}],"author":[{"embeddable":true,"href":"https:\/\/www.bvrio.org\/pt-br\/wp-json\/wp\/v2\/users\/2"}],"replies":[{"embeddable":true,"href":"https:\/\/www.bvrio.org\/pt-br\/wp-json\/wp\/v2\/comments?post=1836"}],"version-history":[{"count":4,"href":"https:\/\/www.bvrio.org\/pt-br\/wp-json\/wp\/v2\/pages\/1836\/revisions"}],"predecessor-version":[{"id":5826,"href":"https:\/\/www.bvrio.org\/pt-br\/wp-json\/wp\/v2\/pages\/1836\/revisions\/5826"}],"wp:attachment":[{"href":"https:\/\/www.bvrio.org\/pt-br\/wp-json\/wp\/v2\/media?parent=1836"}],"curies":[{"name":"wp","href":"https:\/\/api.w.org\/{rel}","templated":true}]}}