{"id":1849,"date":"2022-05-05T15:49:00","date_gmt":"2022-05-05T15:49:00","guid":{"rendered":"https:\/\/bvrio.unleash.dev\/creditos-de-logistica-reversa\/"},"modified":"2024-02-01T13:20:14","modified_gmt":"2024-02-01T13:20:14","slug":"creditos-de-logistica-reversa","status":"publish","type":"page","link":"https:\/\/www.bvrio.org\/pt-br\/creditos-de-logistica-reversa\/","title":{"rendered":"Cria\u00e7\u00e3o do Sistema de Cr\u00e9ditos de Log\u00edstica Reversa"},"content":{"rendered":"","protected":false},"excerpt":{"rendered":"","protected":false},"author":2,"featured_media":0,"parent":0,"menu_order":0,"comment_status":"closed","ping_status":"closed","template":"page-project.php","meta":{"footnotes":""},"class_list":["post-1849","page","type-page","status-publish","hentry"],"acf":[],"yoast_head":"<!-- This site is optimized with the Yoast SEO plugin v22.0 - https:\/\/yoast.com\/wordpress\/plugins\/seo\/ -->\n<title>Cria\u00e7\u00e3o do Sistema de Cr\u00e9ditos de Log\u00edstica Reversa | BVRIO<\/title>\n<meta name=\"description\" content=\"A BVRio desenvolveu um sistema de cr\u00e9ditos negoci\u00e1veis como instrumentos para facilitar o cumprimento da Pol\u00edtica Nacional de Res\u00edduos S\u00f3lidos.\" \/>\n<meta name=\"robots\" content=\"index, follow, max-snippet:-1, max-image-preview:large, max-video-preview:-1\" \/>\n<link rel=\"canonical\" href=\"https:\/\/www.bvrio.org\/pt-br\/creditos-de-logistica-reversa\/\" \/>\n<meta property=\"og:locale\" content=\"pt_BR\" \/>\n<meta property=\"og:type\" content=\"article\" \/>\n<meta property=\"og:title\" content=\"Cria\u00e7\u00e3o do Sistema de Cr\u00e9ditos de Log\u00edstica Reversa | BVRIO\" \/>\n<meta property=\"og:description\" content=\"A BVRio desenvolveu um sistema de cr\u00e9ditos negoci\u00e1veis como instrumentos para facilitar o cumprimento da Pol\u00edtica Nacional de Res\u00edduos S\u00f3lidos.\" \/>\n<meta property=\"og:url\" content=\"https:\/\/www.bvrio.org\/pt-br\/creditos-de-logistica-reversa\/\" \/>\n<meta property=\"og:site_name\" content=\"BVRIO\" \/>\n<meta property=\"article:modified_time\" content=\"2024-02-01T13:20:14+00:00\" \/>\n<meta name=\"twitter:card\" content=\"summary_large_image\" \/>\n<script type=\"application\/ld+json\" class=\"yoast-schema-graph\">{\"@context\":\"https:\/\/schema.org\",\"@graph\":[{\"@type\":\"WebPage\",\"@id\":\"https:\/\/www.bvrio.org\/pt-br\/creditos-de-logistica-reversa\/\",\"url\":\"https:\/\/www.bvrio.org\/pt-br\/creditos-de-logistica-reversa\/\",\"name\":\"Cria\u00e7\u00e3o do Sistema de Cr\u00e9ditos de Log\u00edstica Reversa | BVRIO\",\"isPartOf\":{\"@id\":\"https:\/\/www.bvrio.org\/pt-br\/#website\"},\"datePublished\":\"2022-05-05T15:49:00+00:00\",\"dateModified\":\"2024-02-01T13:20:14+00:00\",\"description\":\"A BVRio desenvolveu um sistema de cr\u00e9ditos negoci\u00e1veis como instrumentos para facilitar o cumprimento da Pol\u00edtica Nacional de Res\u00edduos S\u00f3lidos.\",\"breadcrumb\":{\"@id\":\"https:\/\/www.bvrio.org\/pt-br\/creditos-de-logistica-reversa\/#breadcrumb\"},\"inLanguage\":\"pt-BR\",\"potentialAction\":[{\"@type\":\"ReadAction\",\"target\":[\"https:\/\/www.bvrio.org\/pt-br\/creditos-de-logistica-reversa\/\"]}]},{\"@type\":\"BreadcrumbList\",\"@id\":\"https:\/\/www.bvrio.org\/pt-br\/creditos-de-logistica-reversa\/#breadcrumb\",\"itemListElement\":[{\"@type\":\"ListItem\",\"position\":1,\"name\":\"Home\",\"item\":\"https:\/\/www.bvrio.org\/pt-br\/\"},{\"@type\":\"ListItem\",\"position\":2,\"name\":\"Cria\u00e7\u00e3o do Sistema de Cr\u00e9ditos de Log\u00edstica Reversa\"}]},{\"@type\":\"WebSite\",\"@id\":\"https:\/\/www.bvrio.org\/pt-br\/#website\",\"url\":\"https:\/\/www.bvrio.org\/pt-br\/\",\"name\":\"BVRIO\",\"description\":\"BVRio (Bolsa Verde do Rio de Janeiro \u2013 Environmental Exchange of Rio de Janeiro)\",\"potentialAction\":[{\"@type\":\"SearchAction\",\"target\":{\"@type\":\"EntryPoint\",\"urlTemplate\":\"https:\/\/www.bvrio.org\/pt-br\/?s={search_term_string}\"},\"query-input\":\"required name=search_term_string\"}],\"inLanguage\":\"pt-BR\"}]}<\/script>\n<!-- \/ Yoast SEO plugin. -->","yoast_head_json":{"title":"Cria\u00e7\u00e3o do Sistema de Cr\u00e9ditos de Log\u00edstica Reversa | BVRIO","description":"A BVRio desenvolveu um sistema de cr\u00e9ditos negoci\u00e1veis como instrumentos para facilitar o cumprimento da Pol\u00edtica Nacional de Res\u00edduos S\u00f3lidos.","robots":{"index":"index","follow":"follow","max-snippet":"max-snippet:-1","max-image-preview":"max-image-preview:large","max-video-preview":"max-video-preview:-1"},"canonical":"https:\/\/www.bvrio.org\/pt-br\/creditos-de-logistica-reversa\/","og_locale":"pt_BR","og_type":"article","og_title":"Cria\u00e7\u00e3o do Sistema de Cr\u00e9ditos de Log\u00edstica Reversa | BVRIO","og_description":"A BVRio desenvolveu um sistema de cr\u00e9ditos negoci\u00e1veis como instrumentos para facilitar o cumprimento da Pol\u00edtica Nacional de Res\u00edduos S\u00f3lidos.","og_url":"https:\/\/www.bvrio.org\/pt-br\/creditos-de-logistica-reversa\/","og_site_name":"BVRIO","article_modified_time":"2024-02-01T13:20:14+00:00","twitter_card":"summary_large_image","schema":{"@context":"https:\/\/schema.org","@graph":[{"@type":"WebPage","@id":"https:\/\/www.bvrio.org\/pt-br\/creditos-de-logistica-reversa\/","url":"https:\/\/www.bvrio.org\/pt-br\/creditos-de-logistica-reversa\/","name":"Cria\u00e7\u00e3o do Sistema de Cr\u00e9ditos de Log\u00edstica Reversa | BVRIO","isPartOf":{"@id":"https:\/\/www.bvrio.org\/pt-br\/#website"},"datePublished":"2022-05-05T15:49:00+00:00","dateModified":"2024-02-01T13:20:14+00:00","description":"A BVRio desenvolveu um sistema de cr\u00e9ditos negoci\u00e1veis como instrumentos para facilitar o cumprimento da Pol\u00edtica Nacional de Res\u00edduos S\u00f3lidos.","breadcrumb":{"@id":"https:\/\/www.bvrio.org\/pt-br\/creditos-de-logistica-reversa\/#breadcrumb"},"inLanguage":"pt-BR","potentialAction":[{"@type":"ReadAction","target":["https:\/\/www.bvrio.org\/pt-br\/creditos-de-logistica-reversa\/"]}]},{"@type":"BreadcrumbList","@id":"https:\/\/www.bvrio.org\/pt-br\/creditos-de-logistica-reversa\/#breadcrumb","itemListElement":[{"@type":"ListItem","position":1,"name":"Home","item":"https:\/\/www.bvrio.org\/pt-br\/"},{"@type":"ListItem","position":2,"name":"Cria\u00e7\u00e3o do Sistema de Cr\u00e9ditos de Log\u00edstica Reversa"}]},{"@type":"WebSite","@id":"https:\/\/www.bvrio.org\/pt-br\/#website","url":"https:\/\/www.bvrio.org\/pt-br\/","name":"BVRIO","description":"BVRio (Bolsa Verde do Rio de Janeiro \u2013 Environmental Exchange of Rio de Janeiro)","potentialAction":[{"@type":"SearchAction","target":{"@type":"EntryPoint","urlTemplate":"https:\/\/www.bvrio.org\/pt-br\/?s={search_term_string}"},"query-input":"required name=search_term_string"}],"inLanguage":"pt-BR"}]}},"_links":{"self":[{"href":"https:\/\/www.bvrio.org\/pt-br\/wp-json\/wp\/v2\/pages\/1849","targetHints":{"allow":["GET"]}}],"collection":[{"href":"https:\/\/www.bvrio.org\/pt-br\/wp-json\/wp\/v2\/pages"}],"about":[{"href":"https:\/\/www.bvrio.org\/pt-br\/wp-json\/wp\/v2\/types\/page"}],"author":[{"embeddable":true,"href":"https:\/\/www.bvrio.org\/pt-br\/wp-json\/wp\/v2\/users\/2"}],"replies":[{"embeddable":true,"href":"https:\/\/www.bvrio.org\/pt-br\/wp-json\/wp\/v2\/comments?post=1849"}],"version-history":[{"count":3,"href":"https:\/\/www.bvrio.org\/pt-br\/wp-json\/wp\/v2\/pages\/1849\/revisions"}],"predecessor-version":[{"id":7603,"href":"https:\/\/www.bvrio.org\/pt-br\/wp-json\/wp\/v2\/pages\/1849\/revisions\/7603"}],"wp:attachment":[{"href":"https:\/\/www.bvrio.org\/pt-br\/wp-json\/wp\/v2\/media?parent=1849"}],"curies":[{"name":"wp","href":"https:\/\/api.w.org\/{rel}","templated":true}]}}