{"id":1855,"date":"2022-04-06T13:40:58","date_gmt":"2022-04-06T13:40:58","guid":{"rendered":"https:\/\/bvrio.unleash.dev\/gestao-de-residuos-e-economia-circular\/"},"modified":"2026-03-30T16:44:31","modified_gmt":"2026-03-30T16:44:31","slug":"waste-management-and-the-circular-economy","status":"publish","type":"page","link":"https:\/\/www.bvrio.org\/pt-br\/waste-management-and-the-circular-economy\/","title":{"rendered":"Gest\u00e3o e Economia Circular de Res\u00edduos"},"content":{"rendered":"","protected":false},"excerpt":{"rendered":"","protected":false},"author":2,"featured_media":0,"parent":0,"menu_order":0,"comment_status":"closed","ping_status":"closed","template":"","meta":{"footnotes":""},"class_list":["post-1855","page","type-page","status-publish","hentry"],"acf":[],"yoast_head":"<!-- This site is optimized with the Yoast SEO plugin v22.0 - https:\/\/yoast.com\/wordpress\/plugins\/seo\/ -->\n<title>Gest\u00e3o e Economia Circular de Res\u00edduos | BVRIO<\/title>\n<meta name=\"description\" content=\"A BVRio cria mecanismos de mercado para uma economia circular inclusiva, que oferecem benef\u00edcios sociais para os catadores ao mesmo tempo que aumentam as taxas de remo\u00e7\u00e3o de res\u00edduos do meio ambiente. Nossos produtos e servi\u00e7os oferecem solu\u00e7\u00f5es para a certifica\u00e7\u00e3o e emiss\u00e3o de cr\u00e9ditos de pl\u00e1stico que neutralizam os res\u00edduos gerados por empresas.\" \/>\n<meta name=\"robots\" content=\"index, follow, max-snippet:-1, max-image-preview:large, max-video-preview:-1\" \/>\n<link rel=\"canonical\" href=\"https:\/\/www.bvrio.org\/pt-br\/waste-management-and-the-circular-economy\/\" \/>\n<meta property=\"og:locale\" content=\"pt_BR\" \/>\n<meta property=\"og:type\" content=\"article\" \/>\n<meta property=\"og:title\" content=\"Gest\u00e3o e Economia Circular de Res\u00edduos | BVRIO\" \/>\n<meta property=\"og:description\" content=\"A BVRio cria mecanismos de mercado para uma economia circular inclusiva, que oferecem benef\u00edcios sociais para os catadores ao mesmo tempo que aumentam as taxas de remo\u00e7\u00e3o de res\u00edduos do meio ambiente. Nossos produtos e servi\u00e7os oferecem solu\u00e7\u00f5es para a certifica\u00e7\u00e3o e emiss\u00e3o de cr\u00e9ditos de pl\u00e1stico que neutralizam os res\u00edduos gerados por empresas.\" \/>\n<meta property=\"og:url\" content=\"https:\/\/www.bvrio.org\/pt-br\/waste-management-and-the-circular-economy\/\" \/>\n<meta property=\"og:site_name\" content=\"BVRIO\" \/>\n<meta property=\"article:modified_time\" content=\"2026-03-30T16:44:31+00:00\" \/>\n<meta name=\"twitter:card\" content=\"summary_large_image\" \/>\n<meta name=\"twitter:label1\" content=\"Est. reading time\" \/>\n\t<meta name=\"twitter:data1\" content=\"11 minutes\" \/>\n<script type=\"application\/ld+json\" class=\"yoast-schema-graph\">{\"@context\":\"https:\/\/schema.org\",\"@graph\":[{\"@type\":\"WebPage\",\"@id\":\"https:\/\/www.bvrio.org\/pt-br\/waste-management-and-the-circular-economy\/\",\"url\":\"https:\/\/www.bvrio.org\/pt-br\/waste-management-and-the-circular-economy\/\",\"name\":\"Gest\u00e3o e Economia Circular de Res\u00edduos | BVRIO\",\"isPartOf\":{\"@id\":\"https:\/\/www.bvrio.org\/pt-br\/#website\"},\"datePublished\":\"2022-04-06T13:40:58+00:00\",\"dateModified\":\"2026-03-30T16:44:31+00:00\",\"description\":\"A BVRio cria mecanismos de mercado para uma economia circular inclusiva, que oferecem benef\u00edcios sociais para os catadores ao mesmo tempo que aumentam as taxas de remo\u00e7\u00e3o de res\u00edduos do meio ambiente. Nossos produtos e servi\u00e7os oferecem solu\u00e7\u00f5es para a certifica\u00e7\u00e3o e emiss\u00e3o de cr\u00e9ditos de pl\u00e1stico que neutralizam os res\u00edduos gerados por empresas.\",\"breadcrumb\":{\"@id\":\"https:\/\/www.bvrio.org\/pt-br\/waste-management-and-the-circular-economy\/#breadcrumb\"},\"inLanguage\":\"pt-BR\",\"potentialAction\":[{\"@type\":\"ReadAction\",\"target\":[\"https:\/\/www.bvrio.org\/pt-br\/waste-management-and-the-circular-economy\/\"]}]},{\"@type\":\"BreadcrumbList\",\"@id\":\"https:\/\/www.bvrio.org\/pt-br\/waste-management-and-the-circular-economy\/#breadcrumb\",\"itemListElement\":[{\"@type\":\"ListItem\",\"position\":1,\"name\":\"Home\",\"item\":\"https:\/\/www.bvrio.org\/pt-br\/\"},{\"@type\":\"ListItem\",\"position\":2,\"name\":\"Gest\u00e3o e Economia Circular de Res\u00edduos\"}]},{\"@type\":\"WebSite\",\"@id\":\"https:\/\/www.bvrio.org\/pt-br\/#website\",\"url\":\"https:\/\/www.bvrio.org\/pt-br\/\",\"name\":\"BVRIO\",\"description\":\"BVRio (Bolsa Verde do Rio de Janeiro \u2013 Environmental Exchange of Rio de Janeiro)\",\"potentialAction\":[{\"@type\":\"SearchAction\",\"target\":{\"@type\":\"EntryPoint\",\"urlTemplate\":\"https:\/\/www.bvrio.org\/pt-br\/?s={search_term_string}\"},\"query-input\":\"required name=search_term_string\"}],\"inLanguage\":\"pt-BR\"}]}<\/script>\n<!-- \/ Yoast SEO plugin. -->","yoast_head_json":{"title":"Gest\u00e3o e Economia Circular de Res\u00edduos | BVRIO","description":"A BVRio cria mecanismos de mercado para uma economia circular inclusiva, que oferecem benef\u00edcios sociais para os catadores ao mesmo tempo que aumentam as taxas de remo\u00e7\u00e3o de res\u00edduos do meio ambiente. Nossos produtos e servi\u00e7os oferecem solu\u00e7\u00f5es para a certifica\u00e7\u00e3o e emiss\u00e3o de cr\u00e9ditos de pl\u00e1stico que neutralizam os res\u00edduos gerados por empresas.","robots":{"index":"index","follow":"follow","max-snippet":"max-snippet:-1","max-image-preview":"max-image-preview:large","max-video-preview":"max-video-preview:-1"},"canonical":"https:\/\/www.bvrio.org\/pt-br\/waste-management-and-the-circular-economy\/","og_locale":"pt_BR","og_type":"article","og_title":"Gest\u00e3o e Economia Circular de Res\u00edduos | BVRIO","og_description":"A BVRio cria mecanismos de mercado para uma economia circular inclusiva, que oferecem benef\u00edcios sociais para os catadores ao mesmo tempo que aumentam as taxas de remo\u00e7\u00e3o de res\u00edduos do meio ambiente. Nossos produtos e servi\u00e7os oferecem solu\u00e7\u00f5es para a certifica\u00e7\u00e3o e emiss\u00e3o de cr\u00e9ditos de pl\u00e1stico que neutralizam os res\u00edduos gerados por empresas.","og_url":"https:\/\/www.bvrio.org\/pt-br\/waste-management-and-the-circular-economy\/","og_site_name":"BVRIO","article_modified_time":"2026-03-30T16:44:31+00:00","twitter_card":"summary_large_image","twitter_misc":{"Est. reading time":"11 minutes"},"schema":{"@context":"https:\/\/schema.org","@graph":[{"@type":"WebPage","@id":"https:\/\/www.bvrio.org\/pt-br\/waste-management-and-the-circular-economy\/","url":"https:\/\/www.bvrio.org\/pt-br\/waste-management-and-the-circular-economy\/","name":"Gest\u00e3o e Economia Circular de Res\u00edduos | BVRIO","isPartOf":{"@id":"https:\/\/www.bvrio.org\/pt-br\/#website"},"datePublished":"2022-04-06T13:40:58+00:00","dateModified":"2026-03-30T16:44:31+00:00","description":"A BVRio cria mecanismos de mercado para uma economia circular inclusiva, que oferecem benef\u00edcios sociais para os catadores ao mesmo tempo que aumentam as taxas de remo\u00e7\u00e3o de res\u00edduos do meio ambiente. Nossos produtos e servi\u00e7os oferecem solu\u00e7\u00f5es para a certifica\u00e7\u00e3o e emiss\u00e3o de cr\u00e9ditos de pl\u00e1stico que neutralizam os res\u00edduos gerados por empresas.","breadcrumb":{"@id":"https:\/\/www.bvrio.org\/pt-br\/waste-management-and-the-circular-economy\/#breadcrumb"},"inLanguage":"pt-BR","potentialAction":[{"@type":"ReadAction","target":["https:\/\/www.bvrio.org\/pt-br\/waste-management-and-the-circular-economy\/"]}]},{"@type":"BreadcrumbList","@id":"https:\/\/www.bvrio.org\/pt-br\/waste-management-and-the-circular-economy\/#breadcrumb","itemListElement":[{"@type":"ListItem","position":1,"name":"Home","item":"https:\/\/www.bvrio.org\/pt-br\/"},{"@type":"ListItem","position":2,"name":"Gest\u00e3o e Economia Circular de Res\u00edduos"}]},{"@type":"WebSite","@id":"https:\/\/www.bvrio.org\/pt-br\/#website","url":"https:\/\/www.bvrio.org\/pt-br\/","name":"BVRIO","description":"BVRio (Bolsa Verde do Rio de Janeiro \u2013 Environmental Exchange of Rio de Janeiro)","potentialAction":[{"@type":"SearchAction","target":{"@type":"EntryPoint","urlTemplate":"https:\/\/www.bvrio.org\/pt-br\/?s={search_term_string}"},"query-input":"required name=search_term_string"}],"inLanguage":"pt-BR"}]}},"_links":{"self":[{"href":"https:\/\/www.bvrio.org\/pt-br\/wp-json\/wp\/v2\/pages\/1855","targetHints":{"allow":["GET"]}}],"collection":[{"href":"https:\/\/www.bvrio.org\/pt-br\/wp-json\/wp\/v2\/pages"}],"about":[{"href":"https:\/\/www.bvrio.org\/pt-br\/wp-json\/wp\/v2\/types\/page"}],"author":[{"embeddable":true,"href":"https:\/\/www.bvrio.org\/pt-br\/wp-json\/wp\/v2\/users\/2"}],"replies":[{"embeddable":true,"href":"https:\/\/www.bvrio.org\/pt-br\/wp-json\/wp\/v2\/comments?post=1855"}],"version-history":[{"count":44,"href":"https:\/\/www.bvrio.org\/pt-br\/wp-json\/wp\/v2\/pages\/1855\/revisions"}],"predecessor-version":[{"id":10872,"href":"https:\/\/www.bvrio.org\/pt-br\/wp-json\/wp\/v2\/pages\/1855\/revisions\/10872"}],"wp:attachment":[{"href":"https:\/\/www.bvrio.org\/pt-br\/wp-json\/wp\/v2\/media?parent=1855"}],"curies":[{"name":"wp","href":"https:\/\/api.w.org\/{rel}","templated":true}]}}