{"id":3116,"date":"2022-08-10T16:52:59","date_gmt":"2022-08-10T16:52:59","guid":{"rendered":"https:\/\/bvrio.unleash.dev\/mercado-de-cotas-de-reserva-ambiental\/"},"modified":"2026-03-24T09:54:37","modified_gmt":"2026-03-24T09:54:37","slug":"cras","status":"publish","type":"page","link":"https:\/\/www.bvrio.org\/pt-br\/cras\/","title":{"rendered":"Mercado de Cotas de Reserva Ambiental"},"content":{"rendered":"","protected":false},"excerpt":{"rendered":"","protected":false},"author":2,"featured_media":0,"parent":0,"menu_order":0,"comment_status":"closed","ping_status":"closed","template":"","meta":{"footnotes":""},"class_list":["post-3116","page","type-page","status-publish","hentry"],"acf":[],"yoast_head":"<!-- This site is optimized with the Yoast SEO plugin v22.0 - https:\/\/yoast.com\/wordpress\/plugins\/seo\/ -->\n<title>Mercado de Cotas de Reserva Ambiental | BVRIO<\/title>\n<meta name=\"description\" content=\"Em outubro de 2012, o C\u00f3digo Florestal foi sancionado e entrou em vigor no Brasil. A Lei Federal criou obriga\u00e7\u00f5es para a manuten\u00e7\u00e3o de uma erta quantidade m\u00ednima de floresta em propriedades rurais, as chamadas Reservas Legais, ao mesmo tempo permitiu que propriet\u00e1rios de terras com d\u00e9ficit de \u00e1rea de vegeta\u00e7\u00e3o nativa protegida cumpram essa obriga\u00e7\u00e3o pela aquisi\u00e7\u00e3o de Cotas de Reserva Ambiental (CRAs).\" \/>\n<meta name=\"robots\" content=\"index, follow, max-snippet:-1, max-image-preview:large, max-video-preview:-1\" \/>\n<link rel=\"canonical\" href=\"https:\/\/www.bvrio.org\/pt-br\/cras\/\" \/>\n<meta property=\"og:locale\" content=\"pt_BR\" \/>\n<meta property=\"og:type\" content=\"article\" \/>\n<meta property=\"og:title\" content=\"Mercado de Cotas de Reserva Ambiental | BVRIO\" \/>\n<meta property=\"og:description\" content=\"Em outubro de 2012, o C\u00f3digo Florestal foi sancionado e entrou em vigor no Brasil. A Lei Federal criou obriga\u00e7\u00f5es para a manuten\u00e7\u00e3o de uma erta quantidade m\u00ednima de floresta em propriedades rurais, as chamadas Reservas Legais, ao mesmo tempo permitiu que propriet\u00e1rios de terras com d\u00e9ficit de \u00e1rea de vegeta\u00e7\u00e3o nativa protegida cumpram essa obriga\u00e7\u00e3o pela aquisi\u00e7\u00e3o de Cotas de Reserva Ambiental (CRAs).\" \/>\n<meta property=\"og:url\" content=\"https:\/\/www.bvrio.org\/pt-br\/cras\/\" \/>\n<meta property=\"og:site_name\" content=\"BVRIO\" \/>\n<meta property=\"article:modified_time\" content=\"2026-03-24T09:54:37+00:00\" \/>\n<meta name=\"twitter:card\" content=\"summary_large_image\" \/>\n<meta name=\"twitter:label1\" content=\"Est. reading time\" \/>\n\t<meta name=\"twitter:data1\" content=\"4 minutes\" \/>\n<script type=\"application\/ld+json\" class=\"yoast-schema-graph\">{\"@context\":\"https:\/\/schema.org\",\"@graph\":[{\"@type\":\"WebPage\",\"@id\":\"https:\/\/www.bvrio.org\/pt-br\/cras\/\",\"url\":\"https:\/\/www.bvrio.org\/pt-br\/cras\/\",\"name\":\"Mercado de Cotas de Reserva Ambiental | BVRIO\",\"isPartOf\":{\"@id\":\"https:\/\/www.bvrio.org\/pt-br\/#website\"},\"datePublished\":\"2022-08-10T16:52:59+00:00\",\"dateModified\":\"2026-03-24T09:54:37+00:00\",\"description\":\"Em outubro de 2012, o C\u00f3digo Florestal foi sancionado e entrou em vigor no Brasil. A Lei Federal criou obriga\u00e7\u00f5es para a manuten\u00e7\u00e3o de uma erta quantidade m\u00ednima de floresta em propriedades rurais, as chamadas Reservas Legais, ao mesmo tempo permitiu que propriet\u00e1rios de terras com d\u00e9ficit de \u00e1rea de vegeta\u00e7\u00e3o nativa protegida cumpram essa obriga\u00e7\u00e3o pela aquisi\u00e7\u00e3o de Cotas de Reserva Ambiental (CRAs).\",\"breadcrumb\":{\"@id\":\"https:\/\/www.bvrio.org\/pt-br\/cras\/#breadcrumb\"},\"inLanguage\":\"pt-BR\",\"potentialAction\":[{\"@type\":\"ReadAction\",\"target\":[\"https:\/\/www.bvrio.org\/pt-br\/cras\/\"]}]},{\"@type\":\"BreadcrumbList\",\"@id\":\"https:\/\/www.bvrio.org\/pt-br\/cras\/#breadcrumb\",\"itemListElement\":[{\"@type\":\"ListItem\",\"position\":1,\"name\":\"Home\",\"item\":\"https:\/\/www.bvrio.org\/pt-br\/\"},{\"@type\":\"ListItem\",\"position\":2,\"name\":\"Mercado de Cotas de Reserva Ambiental\"}]},{\"@type\":\"WebSite\",\"@id\":\"https:\/\/www.bvrio.org\/pt-br\/#website\",\"url\":\"https:\/\/www.bvrio.org\/pt-br\/\",\"name\":\"BVRIO\",\"description\":\"BVRio (Bolsa Verde do Rio de Janeiro \u2013 Environmental Exchange of Rio de Janeiro)\",\"potentialAction\":[{\"@type\":\"SearchAction\",\"target\":{\"@type\":\"EntryPoint\",\"urlTemplate\":\"https:\/\/www.bvrio.org\/pt-br\/?s={search_term_string}\"},\"query-input\":\"required name=search_term_string\"}],\"inLanguage\":\"pt-BR\"}]}<\/script>\n<!-- \/ Yoast SEO plugin. -->","yoast_head_json":{"title":"Mercado de Cotas de Reserva Ambiental | BVRIO","description":"Em outubro de 2012, o C\u00f3digo Florestal foi sancionado e entrou em vigor no Brasil. A Lei Federal criou obriga\u00e7\u00f5es para a manuten\u00e7\u00e3o de uma erta quantidade m\u00ednima de floresta em propriedades rurais, as chamadas Reservas Legais, ao mesmo tempo permitiu que propriet\u00e1rios de terras com d\u00e9ficit de \u00e1rea de vegeta\u00e7\u00e3o nativa protegida cumpram essa obriga\u00e7\u00e3o pela aquisi\u00e7\u00e3o de Cotas de Reserva Ambiental (CRAs).","robots":{"index":"index","follow":"follow","max-snippet":"max-snippet:-1","max-image-preview":"max-image-preview:large","max-video-preview":"max-video-preview:-1"},"canonical":"https:\/\/www.bvrio.org\/pt-br\/cras\/","og_locale":"pt_BR","og_type":"article","og_title":"Mercado de Cotas de Reserva Ambiental | BVRIO","og_description":"Em outubro de 2012, o C\u00f3digo Florestal foi sancionado e entrou em vigor no Brasil. A Lei Federal criou obriga\u00e7\u00f5es para a manuten\u00e7\u00e3o de uma erta quantidade m\u00ednima de floresta em propriedades rurais, as chamadas Reservas Legais, ao mesmo tempo permitiu que propriet\u00e1rios de terras com d\u00e9ficit de \u00e1rea de vegeta\u00e7\u00e3o nativa protegida cumpram essa obriga\u00e7\u00e3o pela aquisi\u00e7\u00e3o de Cotas de Reserva Ambiental (CRAs).","og_url":"https:\/\/www.bvrio.org\/pt-br\/cras\/","og_site_name":"BVRIO","article_modified_time":"2026-03-24T09:54:37+00:00","twitter_card":"summary_large_image","twitter_misc":{"Est. reading time":"4 minutes"},"schema":{"@context":"https:\/\/schema.org","@graph":[{"@type":"WebPage","@id":"https:\/\/www.bvrio.org\/pt-br\/cras\/","url":"https:\/\/www.bvrio.org\/pt-br\/cras\/","name":"Mercado de Cotas de Reserva Ambiental | BVRIO","isPartOf":{"@id":"https:\/\/www.bvrio.org\/pt-br\/#website"},"datePublished":"2022-08-10T16:52:59+00:00","dateModified":"2026-03-24T09:54:37+00:00","description":"Em outubro de 2012, o C\u00f3digo Florestal foi sancionado e entrou em vigor no Brasil. A Lei Federal criou obriga\u00e7\u00f5es para a manuten\u00e7\u00e3o de uma erta quantidade m\u00ednima de floresta em propriedades rurais, as chamadas Reservas Legais, ao mesmo tempo permitiu que propriet\u00e1rios de terras com d\u00e9ficit de \u00e1rea de vegeta\u00e7\u00e3o nativa protegida cumpram essa obriga\u00e7\u00e3o pela aquisi\u00e7\u00e3o de Cotas de Reserva Ambiental (CRAs).","breadcrumb":{"@id":"https:\/\/www.bvrio.org\/pt-br\/cras\/#breadcrumb"},"inLanguage":"pt-BR","potentialAction":[{"@type":"ReadAction","target":["https:\/\/www.bvrio.org\/pt-br\/cras\/"]}]},{"@type":"BreadcrumbList","@id":"https:\/\/www.bvrio.org\/pt-br\/cras\/#breadcrumb","itemListElement":[{"@type":"ListItem","position":1,"name":"Home","item":"https:\/\/www.bvrio.org\/pt-br\/"},{"@type":"ListItem","position":2,"name":"Mercado de Cotas de Reserva Ambiental"}]},{"@type":"WebSite","@id":"https:\/\/www.bvrio.org\/pt-br\/#website","url":"https:\/\/www.bvrio.org\/pt-br\/","name":"BVRIO","description":"BVRio (Bolsa Verde do Rio de Janeiro \u2013 Environmental Exchange of Rio de Janeiro)","potentialAction":[{"@type":"SearchAction","target":{"@type":"EntryPoint","urlTemplate":"https:\/\/www.bvrio.org\/pt-br\/?s={search_term_string}"},"query-input":"required name=search_term_string"}],"inLanguage":"pt-BR"}]}},"_links":{"self":[{"href":"https:\/\/www.bvrio.org\/pt-br\/wp-json\/wp\/v2\/pages\/3116","targetHints":{"allow":["GET"]}}],"collection":[{"href":"https:\/\/www.bvrio.org\/pt-br\/wp-json\/wp\/v2\/pages"}],"about":[{"href":"https:\/\/www.bvrio.org\/pt-br\/wp-json\/wp\/v2\/types\/page"}],"author":[{"embeddable":true,"href":"https:\/\/www.bvrio.org\/pt-br\/wp-json\/wp\/v2\/users\/2"}],"replies":[{"embeddable":true,"href":"https:\/\/www.bvrio.org\/pt-br\/wp-json\/wp\/v2\/comments?post=3116"}],"version-history":[{"count":13,"href":"https:\/\/www.bvrio.org\/pt-br\/wp-json\/wp\/v2\/pages\/3116\/revisions"}],"predecessor-version":[{"id":10856,"href":"https:\/\/www.bvrio.org\/pt-br\/wp-json\/wp\/v2\/pages\/3116\/revisions\/10856"}],"wp:attachment":[{"href":"https:\/\/www.bvrio.org\/pt-br\/wp-json\/wp\/v2\/media?parent=3116"}],"curies":[{"name":"wp","href":"https:\/\/api.w.org\/{rel}","templated":true}]}}