{"id":6179,"date":"2022-04-07T16:42:19","date_gmt":"2022-04-07T16:42:19","guid":{"rendered":"https:\/\/wordpress.bvrio.org\/uma-decada-de-inovacao\/"},"modified":"2024-02-21T09:50:02","modified_gmt":"2024-02-21T09:50:02","slug":"uma-decada-de-inovacao","status":"publish","type":"page","link":"https:\/\/www.bvrio.org\/pt-br\/uma-decada-de-inovacao\/","title":{"rendered":"Uma d\u00e9cada de inova\u00e7\u00e3o"},"content":{"rendered":"","protected":false},"excerpt":{"rendered":"","protected":false},"author":2,"featured_media":0,"parent":0,"menu_order":0,"comment_status":"closed","ping_status":"closed","template":"","meta":{"footnotes":""},"class_list":["post-6179","page","type-page","status-publish","hentry"],"acf":[],"yoast_head":"<!-- This site is optimized with the Yoast SEO plugin v22.0 - https:\/\/yoast.com\/wordpress\/plugins\/seo\/ -->\n<title>Uma d\u00e9cada de inova\u00e7\u00e3o | BVRIO<\/title>\n<meta name=\"description\" content=\"Fundada em dezembro de 2011, a BVRio (originalmente denominada Bolsa Verde do Rio de Janeiro) foi criada com o objetivo de desenvolver solu\u00e7\u00f5es de mercado para facilitar o cumprimento da legisla\u00e7\u00e3o ambiental brasileira. A BVRio \u00e9 uma organiza\u00e7\u00e3o sem fins lucrativos que trabalha na interse\u00e7\u00e3o da sustentabilidade econ\u00f4mica, ambiental e social, desenvolvendo mecanismos de mercado, ferramentas econ\u00f4micas e apoiando a cria\u00e7\u00e3o e a implementa\u00e7\u00e3o de iniciativas em diferentes pa\u00edses e regi\u00f5es do mundo.\" \/>\n<meta name=\"robots\" content=\"index, follow, max-snippet:-1, max-image-preview:large, max-video-preview:-1\" \/>\n<link rel=\"canonical\" href=\"https:\/\/www.bvrio.org\/pt-br\/uma-decada-de-inovacao\/\" \/>\n<meta property=\"og:locale\" content=\"pt_BR\" \/>\n<meta property=\"og:type\" content=\"article\" \/>\n<meta property=\"og:title\" content=\"Uma d\u00e9cada de inova\u00e7\u00e3o | BVRIO\" \/>\n<meta property=\"og:description\" content=\"Fundada em dezembro de 2011, a BVRio (originalmente denominada Bolsa Verde do Rio de Janeiro) foi criada com o objetivo de desenvolver solu\u00e7\u00f5es de mercado para facilitar o cumprimento da legisla\u00e7\u00e3o ambiental brasileira. A BVRio \u00e9 uma organiza\u00e7\u00e3o sem fins lucrativos que trabalha na interse\u00e7\u00e3o da sustentabilidade econ\u00f4mica, ambiental e social, desenvolvendo mecanismos de mercado, ferramentas econ\u00f4micas e apoiando a cria\u00e7\u00e3o e a implementa\u00e7\u00e3o de iniciativas em diferentes pa\u00edses e regi\u00f5es do mundo.\" \/>\n<meta property=\"og:url\" content=\"https:\/\/www.bvrio.org\/pt-br\/uma-decada-de-inovacao\/\" \/>\n<meta property=\"og:site_name\" content=\"BVRIO\" \/>\n<meta property=\"article:modified_time\" content=\"2024-02-21T09:50:02+00:00\" \/>\n<meta name=\"twitter:card\" content=\"summary_large_image\" \/>\n<script type=\"application\/ld+json\" class=\"yoast-schema-graph\">{\"@context\":\"https:\/\/schema.org\",\"@graph\":[{\"@type\":\"WebPage\",\"@id\":\"https:\/\/www.bvrio.org\/pt-br\/uma-decada-de-inovacao\/\",\"url\":\"https:\/\/www.bvrio.org\/pt-br\/uma-decada-de-inovacao\/\",\"name\":\"Uma d\u00e9cada de inova\u00e7\u00e3o | BVRIO\",\"isPartOf\":{\"@id\":\"https:\/\/www.bvrio.org\/pt-br\/#website\"},\"datePublished\":\"2022-04-07T16:42:19+00:00\",\"dateModified\":\"2024-02-21T09:50:02+00:00\",\"description\":\"Fundada em dezembro de 2011, a BVRio (originalmente denominada Bolsa Verde do Rio de Janeiro) foi criada com o objetivo de desenvolver solu\u00e7\u00f5es de mercado para facilitar o cumprimento da legisla\u00e7\u00e3o ambiental brasileira. A BVRio \u00e9 uma organiza\u00e7\u00e3o sem fins lucrativos que trabalha na interse\u00e7\u00e3o da sustentabilidade econ\u00f4mica, ambiental e social, desenvolvendo mecanismos de mercado, ferramentas econ\u00f4micas e apoiando a cria\u00e7\u00e3o e a implementa\u00e7\u00e3o de iniciativas em diferentes pa\u00edses e regi\u00f5es do mundo.\",\"breadcrumb\":{\"@id\":\"https:\/\/www.bvrio.org\/pt-br\/uma-decada-de-inovacao\/#breadcrumb\"},\"inLanguage\":\"pt-BR\",\"potentialAction\":[{\"@type\":\"ReadAction\",\"target\":[\"https:\/\/www.bvrio.org\/pt-br\/uma-decada-de-inovacao\/\"]}]},{\"@type\":\"BreadcrumbList\",\"@id\":\"https:\/\/www.bvrio.org\/pt-br\/uma-decada-de-inovacao\/#breadcrumb\",\"itemListElement\":[{\"@type\":\"ListItem\",\"position\":1,\"name\":\"Home\",\"item\":\"https:\/\/www.bvrio.org\/pt-br\/\"},{\"@type\":\"ListItem\",\"position\":2,\"name\":\"Uma d\u00e9cada de inova\u00e7\u00e3o\"}]},{\"@type\":\"WebSite\",\"@id\":\"https:\/\/www.bvrio.org\/pt-br\/#website\",\"url\":\"https:\/\/www.bvrio.org\/pt-br\/\",\"name\":\"BVRIO\",\"description\":\"BVRio (Bolsa Verde do Rio de Janeiro \u2013 Environmental Exchange of Rio de Janeiro)\",\"potentialAction\":[{\"@type\":\"SearchAction\",\"target\":{\"@type\":\"EntryPoint\",\"urlTemplate\":\"https:\/\/www.bvrio.org\/pt-br\/?s={search_term_string}\"},\"query-input\":\"required name=search_term_string\"}],\"inLanguage\":\"pt-BR\"}]}<\/script>\n<!-- \/ Yoast SEO plugin. -->","yoast_head_json":{"title":"Uma d\u00e9cada de inova\u00e7\u00e3o | BVRIO","description":"Fundada em dezembro de 2011, a BVRio (originalmente denominada Bolsa Verde do Rio de Janeiro) foi criada com o objetivo de desenvolver solu\u00e7\u00f5es de mercado para facilitar o cumprimento da legisla\u00e7\u00e3o ambiental brasileira. A BVRio \u00e9 uma organiza\u00e7\u00e3o sem fins lucrativos que trabalha na interse\u00e7\u00e3o da sustentabilidade econ\u00f4mica, ambiental e social, desenvolvendo mecanismos de mercado, ferramentas econ\u00f4micas e apoiando a cria\u00e7\u00e3o e a implementa\u00e7\u00e3o de iniciativas em diferentes pa\u00edses e regi\u00f5es do mundo.","robots":{"index":"index","follow":"follow","max-snippet":"max-snippet:-1","max-image-preview":"max-image-preview:large","max-video-preview":"max-video-preview:-1"},"canonical":"https:\/\/www.bvrio.org\/pt-br\/uma-decada-de-inovacao\/","og_locale":"pt_BR","og_type":"article","og_title":"Uma d\u00e9cada de inova\u00e7\u00e3o | BVRIO","og_description":"Fundada em dezembro de 2011, a BVRio (originalmente denominada Bolsa Verde do Rio de Janeiro) foi criada com o objetivo de desenvolver solu\u00e7\u00f5es de mercado para facilitar o cumprimento da legisla\u00e7\u00e3o ambiental brasileira. A BVRio \u00e9 uma organiza\u00e7\u00e3o sem fins lucrativos que trabalha na interse\u00e7\u00e3o da sustentabilidade econ\u00f4mica, ambiental e social, desenvolvendo mecanismos de mercado, ferramentas econ\u00f4micas e apoiando a cria\u00e7\u00e3o e a implementa\u00e7\u00e3o de iniciativas em diferentes pa\u00edses e regi\u00f5es do mundo.","og_url":"https:\/\/www.bvrio.org\/pt-br\/uma-decada-de-inovacao\/","og_site_name":"BVRIO","article_modified_time":"2024-02-21T09:50:02+00:00","twitter_card":"summary_large_image","schema":{"@context":"https:\/\/schema.org","@graph":[{"@type":"WebPage","@id":"https:\/\/www.bvrio.org\/pt-br\/uma-decada-de-inovacao\/","url":"https:\/\/www.bvrio.org\/pt-br\/uma-decada-de-inovacao\/","name":"Uma d\u00e9cada de inova\u00e7\u00e3o | BVRIO","isPartOf":{"@id":"https:\/\/www.bvrio.org\/pt-br\/#website"},"datePublished":"2022-04-07T16:42:19+00:00","dateModified":"2024-02-21T09:50:02+00:00","description":"Fundada em dezembro de 2011, a BVRio (originalmente denominada Bolsa Verde do Rio de Janeiro) foi criada com o objetivo de desenvolver solu\u00e7\u00f5es de mercado para facilitar o cumprimento da legisla\u00e7\u00e3o ambiental brasileira. A BVRio \u00e9 uma organiza\u00e7\u00e3o sem fins lucrativos que trabalha na interse\u00e7\u00e3o da sustentabilidade econ\u00f4mica, ambiental e social, desenvolvendo mecanismos de mercado, ferramentas econ\u00f4micas e apoiando a cria\u00e7\u00e3o e a implementa\u00e7\u00e3o de iniciativas em diferentes pa\u00edses e regi\u00f5es do mundo.","breadcrumb":{"@id":"https:\/\/www.bvrio.org\/pt-br\/uma-decada-de-inovacao\/#breadcrumb"},"inLanguage":"pt-BR","potentialAction":[{"@type":"ReadAction","target":["https:\/\/www.bvrio.org\/pt-br\/uma-decada-de-inovacao\/"]}]},{"@type":"BreadcrumbList","@id":"https:\/\/www.bvrio.org\/pt-br\/uma-decada-de-inovacao\/#breadcrumb","itemListElement":[{"@type":"ListItem","position":1,"name":"Home","item":"https:\/\/www.bvrio.org\/pt-br\/"},{"@type":"ListItem","position":2,"name":"Uma d\u00e9cada de inova\u00e7\u00e3o"}]},{"@type":"WebSite","@id":"https:\/\/www.bvrio.org\/pt-br\/#website","url":"https:\/\/www.bvrio.org\/pt-br\/","name":"BVRIO","description":"BVRio (Bolsa Verde do Rio de Janeiro \u2013 Environmental Exchange of Rio de Janeiro)","potentialAction":[{"@type":"SearchAction","target":{"@type":"EntryPoint","urlTemplate":"https:\/\/www.bvrio.org\/pt-br\/?s={search_term_string}"},"query-input":"required name=search_term_string"}],"inLanguage":"pt-BR"}]}},"_links":{"self":[{"href":"https:\/\/www.bvrio.org\/pt-br\/wp-json\/wp\/v2\/pages\/6179","targetHints":{"allow":["GET"]}}],"collection":[{"href":"https:\/\/www.bvrio.org\/pt-br\/wp-json\/wp\/v2\/pages"}],"about":[{"href":"https:\/\/www.bvrio.org\/pt-br\/wp-json\/wp\/v2\/types\/page"}],"author":[{"embeddable":true,"href":"https:\/\/www.bvrio.org\/pt-br\/wp-json\/wp\/v2\/users\/2"}],"replies":[{"embeddable":true,"href":"https:\/\/www.bvrio.org\/pt-br\/wp-json\/wp\/v2\/comments?post=6179"}],"version-history":[{"count":26,"href":"https:\/\/www.bvrio.org\/pt-br\/wp-json\/wp\/v2\/pages\/6179\/revisions"}],"predecessor-version":[{"id":7333,"href":"https:\/\/www.bvrio.org\/pt-br\/wp-json\/wp\/v2\/pages\/6179\/revisions\/7333"}],"wp:attachment":[{"href":"https:\/\/www.bvrio.org\/pt-br\/wp-json\/wp\/v2\/media?parent=6179"}],"curies":[{"name":"wp","href":"https:\/\/api.w.org\/{rel}","templated":true}]}}