{"id":6683,"date":"2022-10-20T15:17:16","date_gmt":"2022-10-20T15:17:16","guid":{"rendered":"http:\/\/13.218.190.167\/cooperacao-com-o-observatorio-do-codigo-florestal\/"},"modified":"2025-04-11T13:25:56","modified_gmt":"2025-04-11T13:25:56","slug":"cooperacao-com-o-observatorio-do-codigo-florestal","status":"publish","type":"page","link":"https:\/\/www.bvrio.org\/pt-br\/cooperacao-com-o-observatorio-do-codigo-florestal\/","title":{"rendered":"Coopera\u00e7\u00e3o com o Observat\u00f3rio do C\u00f3digo Florestal"},"content":{"rendered":"","protected":false},"excerpt":{"rendered":"","protected":false},"author":2,"featured_media":0,"parent":0,"menu_order":0,"comment_status":"closed","ping_status":"closed","template":"","meta":{"footnotes":""},"class_list":["post-6683","page","type-page","status-publish","hentry"],"acf":[],"yoast_head":"<!-- This site is optimized with the Yoast SEO plugin v22.0 - https:\/\/yoast.com\/wordpress\/plugins\/seo\/ -->\n<title>Coopera\u00e7\u00e3o com o Observat\u00f3rio do C\u00f3digo Florestal | BVRIO<\/title>\n<meta name=\"robots\" content=\"index, follow, max-snippet:-1, max-image-preview:large, max-video-preview:-1\" \/>\n<link rel=\"canonical\" href=\"https:\/\/www.bvrio.org\/pt-br\/cooperacao-com-o-observatorio-do-codigo-florestal\/\" \/>\n<meta property=\"og:locale\" content=\"pt_BR\" \/>\n<meta property=\"og:type\" content=\"article\" \/>\n<meta property=\"og:title\" content=\"Coopera\u00e7\u00e3o com o Observat\u00f3rio do C\u00f3digo Florestal | BVRIO\" \/>\n<meta property=\"og:url\" content=\"https:\/\/www.bvrio.org\/pt-br\/cooperacao-com-o-observatorio-do-codigo-florestal\/\" \/>\n<meta property=\"og:site_name\" content=\"BVRIO\" \/>\n<meta property=\"article:modified_time\" content=\"2025-04-11T13:25:56+00:00\" \/>\n<meta name=\"twitter:card\" content=\"summary_large_image\" \/>\n<meta name=\"twitter:label1\" content=\"Est. reading time\" \/>\n\t<meta name=\"twitter:data1\" content=\"6 minutes\" \/>\n<script type=\"application\/ld+json\" class=\"yoast-schema-graph\">{\"@context\":\"https:\/\/schema.org\",\"@graph\":[{\"@type\":\"WebPage\",\"@id\":\"https:\/\/www.bvrio.org\/pt-br\/cooperacao-com-o-observatorio-do-codigo-florestal\/\",\"url\":\"https:\/\/www.bvrio.org\/pt-br\/cooperacao-com-o-observatorio-do-codigo-florestal\/\",\"name\":\"Coopera\u00e7\u00e3o com o Observat\u00f3rio do C\u00f3digo Florestal | BVRIO\",\"isPartOf\":{\"@id\":\"http:\/\/13.218.190.167\/pt-br\/#website\"},\"datePublished\":\"2022-10-20T15:17:16+00:00\",\"dateModified\":\"2025-04-11T13:25:56+00:00\",\"breadcrumb\":{\"@id\":\"https:\/\/www.bvrio.org\/pt-br\/cooperacao-com-o-observatorio-do-codigo-florestal\/#breadcrumb\"},\"inLanguage\":\"pt-BR\",\"potentialAction\":[{\"@type\":\"ReadAction\",\"target\":[\"https:\/\/www.bvrio.org\/pt-br\/cooperacao-com-o-observatorio-do-codigo-florestal\/\"]}]},{\"@type\":\"BreadcrumbList\",\"@id\":\"https:\/\/www.bvrio.org\/pt-br\/cooperacao-com-o-observatorio-do-codigo-florestal\/#breadcrumb\",\"itemListElement\":[{\"@type\":\"ListItem\",\"position\":1,\"name\":\"Home\",\"item\":\"http:\/\/13.218.190.167\/pt-br\/\"},{\"@type\":\"ListItem\",\"position\":2,\"name\":\"Coopera\u00e7\u00e3o com o Observat\u00f3rio do C\u00f3digo Florestal\"}]},{\"@type\":\"WebSite\",\"@id\":\"http:\/\/13.218.190.167\/pt-br\/#website\",\"url\":\"http:\/\/13.218.190.167\/pt-br\/\",\"name\":\"BVRIO\",\"description\":\"BVRio (Bolsa Verde do Rio de Janeiro \u2013 Environmental Exchange of Rio de Janeiro)\",\"potentialAction\":[{\"@type\":\"SearchAction\",\"target\":{\"@type\":\"EntryPoint\",\"urlTemplate\":\"http:\/\/13.218.190.167\/pt-br\/?s={search_term_string}\"},\"query-input\":\"required name=search_term_string\"}],\"inLanguage\":\"pt-BR\"}]}<\/script>\n<!-- \/ Yoast SEO plugin. -->","yoast_head_json":{"title":"Coopera\u00e7\u00e3o com o Observat\u00f3rio do C\u00f3digo Florestal | BVRIO","robots":{"index":"index","follow":"follow","max-snippet":"max-snippet:-1","max-image-preview":"max-image-preview:large","max-video-preview":"max-video-preview:-1"},"canonical":"https:\/\/www.bvrio.org\/pt-br\/cooperacao-com-o-observatorio-do-codigo-florestal\/","og_locale":"pt_BR","og_type":"article","og_title":"Coopera\u00e7\u00e3o com o Observat\u00f3rio do C\u00f3digo Florestal | BVRIO","og_url":"https:\/\/www.bvrio.org\/pt-br\/cooperacao-com-o-observatorio-do-codigo-florestal\/","og_site_name":"BVRIO","article_modified_time":"2025-04-11T13:25:56+00:00","twitter_card":"summary_large_image","twitter_misc":{"Est. reading time":"6 minutes"},"schema":{"@context":"https:\/\/schema.org","@graph":[{"@type":"WebPage","@id":"https:\/\/www.bvrio.org\/pt-br\/cooperacao-com-o-observatorio-do-codigo-florestal\/","url":"https:\/\/www.bvrio.org\/pt-br\/cooperacao-com-o-observatorio-do-codigo-florestal\/","name":"Coopera\u00e7\u00e3o com o Observat\u00f3rio do C\u00f3digo Florestal | BVRIO","isPartOf":{"@id":"http:\/\/13.218.190.167\/pt-br\/#website"},"datePublished":"2022-10-20T15:17:16+00:00","dateModified":"2025-04-11T13:25:56+00:00","breadcrumb":{"@id":"https:\/\/www.bvrio.org\/pt-br\/cooperacao-com-o-observatorio-do-codigo-florestal\/#breadcrumb"},"inLanguage":"pt-BR","potentialAction":[{"@type":"ReadAction","target":["https:\/\/www.bvrio.org\/pt-br\/cooperacao-com-o-observatorio-do-codigo-florestal\/"]}]},{"@type":"BreadcrumbList","@id":"https:\/\/www.bvrio.org\/pt-br\/cooperacao-com-o-observatorio-do-codigo-florestal\/#breadcrumb","itemListElement":[{"@type":"ListItem","position":1,"name":"Home","item":"http:\/\/13.218.190.167\/pt-br\/"},{"@type":"ListItem","position":2,"name":"Coopera\u00e7\u00e3o com o Observat\u00f3rio do C\u00f3digo Florestal"}]},{"@type":"WebSite","@id":"http:\/\/13.218.190.167\/pt-br\/#website","url":"http:\/\/13.218.190.167\/pt-br\/","name":"BVRIO","description":"BVRio (Bolsa Verde do Rio de Janeiro \u2013 Environmental Exchange of Rio de Janeiro)","potentialAction":[{"@type":"SearchAction","target":{"@type":"EntryPoint","urlTemplate":"http:\/\/13.218.190.167\/pt-br\/?s={search_term_string}"},"query-input":"required name=search_term_string"}],"inLanguage":"pt-BR"}]}},"_links":{"self":[{"href":"https:\/\/www.bvrio.org\/pt-br\/wp-json\/wp\/v2\/pages\/6683","targetHints":{"allow":["GET"]}}],"collection":[{"href":"https:\/\/www.bvrio.org\/pt-br\/wp-json\/wp\/v2\/pages"}],"about":[{"href":"https:\/\/www.bvrio.org\/pt-br\/wp-json\/wp\/v2\/types\/page"}],"author":[{"embeddable":true,"href":"https:\/\/www.bvrio.org\/pt-br\/wp-json\/wp\/v2\/users\/2"}],"replies":[{"embeddable":true,"href":"https:\/\/www.bvrio.org\/pt-br\/wp-json\/wp\/v2\/comments?post=6683"}],"version-history":[{"count":10,"href":"https:\/\/www.bvrio.org\/pt-br\/wp-json\/wp\/v2\/pages\/6683\/revisions"}],"predecessor-version":[{"id":9999,"href":"https:\/\/www.bvrio.org\/pt-br\/wp-json\/wp\/v2\/pages\/6683\/revisions\/9999"}],"wp:attachment":[{"href":"https:\/\/www.bvrio.org\/pt-br\/wp-json\/wp\/v2\/media?parent=6683"}],"curies":[{"name":"wp","href":"https:\/\/api.w.org\/{rel}","templated":true}]}}