{"id":7431,"date":"2023-01-13T16:26:54","date_gmt":"2023-01-13T16:26:54","guid":{"rendered":"http:\/\/13.218.190.167\/?page_id=7431"},"modified":"2024-11-22T13:06:45","modified_gmt":"2024-11-22T13:06:45","slug":"creditos-circulares","status":"publish","type":"page","link":"https:\/\/www.bvrio.org\/pt-br\/creditos-circulares\/","title":{"rendered":"Cr\u00e9ditos Circulares"},"content":{"rendered":"","protected":false},"excerpt":{"rendered":"","protected":false},"author":2,"featured_media":0,"parent":0,"menu_order":0,"comment_status":"closed","ping_status":"closed","template":"","meta":{"footnotes":""},"class_list":["post-7431","page","type-page","status-publish","hentry"],"acf":[],"yoast_head":"<!-- This site is optimized with the Yoast SEO plugin v22.0 - https:\/\/yoast.com\/wordpress\/plugins\/seo\/ -->\n<title>Cr\u00e9ditos Circulares | BVRIO<\/title>\n<meta name=\"description\" content=\"Um Cr\u00e9dito Circular\u2122 representa o servi\u00e7o de recupera\u00e7\u00e3o (coleta, triagem) e destina\u00e7\u00e3o adequada de 1 tonelada de res\u00edduos descartados inadequadamente, causando polui\u00e7\u00e3o do nosso ambiente natural.\" \/>\n<meta name=\"robots\" content=\"index, follow, max-snippet:-1, max-image-preview:large, max-video-preview:-1\" \/>\n<link rel=\"canonical\" href=\"https:\/\/www.bvrio.org\/pt-br\/creditos-circulares\/\" \/>\n<meta property=\"og:locale\" content=\"pt_BR\" \/>\n<meta property=\"og:type\" content=\"article\" \/>\n<meta property=\"og:title\" content=\"Cr\u00e9ditos Circulares | BVRIO\" \/>\n<meta property=\"og:description\" content=\"Um Cr\u00e9dito Circular\u2122 representa o servi\u00e7o de recupera\u00e7\u00e3o (coleta, triagem) e destina\u00e7\u00e3o adequada de 1 tonelada de res\u00edduos descartados inadequadamente, causando polui\u00e7\u00e3o do nosso ambiente natural.\" \/>\n<meta property=\"og:url\" content=\"https:\/\/www.bvrio.org\/pt-br\/creditos-circulares\/\" \/>\n<meta property=\"og:site_name\" content=\"BVRIO\" \/>\n<meta property=\"article:modified_time\" content=\"2024-11-22T13:06:45+00:00\" \/>\n<meta name=\"twitter:card\" content=\"summary_large_image\" \/>\n<meta name=\"twitter:label1\" content=\"Est. reading time\" \/>\n\t<meta name=\"twitter:data1\" content=\"3 minutes\" \/>\n<script type=\"application\/ld+json\" class=\"yoast-schema-graph\">{\"@context\":\"https:\/\/schema.org\",\"@graph\":[{\"@type\":\"WebPage\",\"@id\":\"https:\/\/www.bvrio.org\/pt-br\/creditos-circulares\/\",\"url\":\"https:\/\/www.bvrio.org\/pt-br\/creditos-circulares\/\",\"name\":\"Cr\u00e9ditos Circulares | BVRIO\",\"isPartOf\":{\"@id\":\"http:\/\/13.218.190.167\/pt-br\/#website\"},\"datePublished\":\"2023-01-13T16:26:54+00:00\",\"dateModified\":\"2024-11-22T13:06:45+00:00\",\"description\":\"Um Cr\u00e9dito Circular\u2122 representa o servi\u00e7o de recupera\u00e7\u00e3o (coleta, triagem) e destina\u00e7\u00e3o adequada de 1 tonelada de res\u00edduos descartados inadequadamente, causando polui\u00e7\u00e3o do nosso ambiente natural.\",\"breadcrumb\":{\"@id\":\"https:\/\/www.bvrio.org\/pt-br\/creditos-circulares\/#breadcrumb\"},\"inLanguage\":\"pt-BR\",\"potentialAction\":[{\"@type\":\"ReadAction\",\"target\":[\"https:\/\/www.bvrio.org\/pt-br\/creditos-circulares\/\"]}]},{\"@type\":\"BreadcrumbList\",\"@id\":\"https:\/\/www.bvrio.org\/pt-br\/creditos-circulares\/#breadcrumb\",\"itemListElement\":[{\"@type\":\"ListItem\",\"position\":1,\"name\":\"Home\",\"item\":\"http:\/\/13.218.190.167\/pt-br\/\"},{\"@type\":\"ListItem\",\"position\":2,\"name\":\"Cr\u00e9ditos Circulares\"}]},{\"@type\":\"WebSite\",\"@id\":\"http:\/\/13.218.190.167\/pt-br\/#website\",\"url\":\"http:\/\/13.218.190.167\/pt-br\/\",\"name\":\"BVRIO\",\"description\":\"BVRio (Bolsa Verde do Rio de Janeiro \u2013 Environmental Exchange of Rio de Janeiro)\",\"potentialAction\":[{\"@type\":\"SearchAction\",\"target\":{\"@type\":\"EntryPoint\",\"urlTemplate\":\"http:\/\/13.218.190.167\/pt-br\/?s={search_term_string}\"},\"query-input\":\"required name=search_term_string\"}],\"inLanguage\":\"pt-BR\"}]}<\/script>\n<!-- \/ Yoast SEO plugin. -->","yoast_head_json":{"title":"Cr\u00e9ditos Circulares | BVRIO","description":"Um Cr\u00e9dito Circular\u2122 representa o servi\u00e7o de recupera\u00e7\u00e3o (coleta, triagem) e destina\u00e7\u00e3o adequada de 1 tonelada de res\u00edduos descartados inadequadamente, causando polui\u00e7\u00e3o do nosso ambiente natural.","robots":{"index":"index","follow":"follow","max-snippet":"max-snippet:-1","max-image-preview":"max-image-preview:large","max-video-preview":"max-video-preview:-1"},"canonical":"https:\/\/www.bvrio.org\/pt-br\/creditos-circulares\/","og_locale":"pt_BR","og_type":"article","og_title":"Cr\u00e9ditos Circulares | BVRIO","og_description":"Um Cr\u00e9dito Circular\u2122 representa o servi\u00e7o de recupera\u00e7\u00e3o (coleta, triagem) e destina\u00e7\u00e3o adequada de 1 tonelada de res\u00edduos descartados inadequadamente, causando polui\u00e7\u00e3o do nosso ambiente natural.","og_url":"https:\/\/www.bvrio.org\/pt-br\/creditos-circulares\/","og_site_name":"BVRIO","article_modified_time":"2024-11-22T13:06:45+00:00","twitter_card":"summary_large_image","twitter_misc":{"Est. reading time":"3 minutes"},"schema":{"@context":"https:\/\/schema.org","@graph":[{"@type":"WebPage","@id":"https:\/\/www.bvrio.org\/pt-br\/creditos-circulares\/","url":"https:\/\/www.bvrio.org\/pt-br\/creditos-circulares\/","name":"Cr\u00e9ditos Circulares | BVRIO","isPartOf":{"@id":"http:\/\/13.218.190.167\/pt-br\/#website"},"datePublished":"2023-01-13T16:26:54+00:00","dateModified":"2024-11-22T13:06:45+00:00","description":"Um Cr\u00e9dito Circular\u2122 representa o servi\u00e7o de recupera\u00e7\u00e3o (coleta, triagem) e destina\u00e7\u00e3o adequada de 1 tonelada de res\u00edduos descartados inadequadamente, causando polui\u00e7\u00e3o do nosso ambiente natural.","breadcrumb":{"@id":"https:\/\/www.bvrio.org\/pt-br\/creditos-circulares\/#breadcrumb"},"inLanguage":"pt-BR","potentialAction":[{"@type":"ReadAction","target":["https:\/\/www.bvrio.org\/pt-br\/creditos-circulares\/"]}]},{"@type":"BreadcrumbList","@id":"https:\/\/www.bvrio.org\/pt-br\/creditos-circulares\/#breadcrumb","itemListElement":[{"@type":"ListItem","position":1,"name":"Home","item":"http:\/\/13.218.190.167\/pt-br\/"},{"@type":"ListItem","position":2,"name":"Cr\u00e9ditos Circulares"}]},{"@type":"WebSite","@id":"http:\/\/13.218.190.167\/pt-br\/#website","url":"http:\/\/13.218.190.167\/pt-br\/","name":"BVRIO","description":"BVRio (Bolsa Verde do Rio de Janeiro \u2013 Environmental Exchange of Rio de Janeiro)","potentialAction":[{"@type":"SearchAction","target":{"@type":"EntryPoint","urlTemplate":"http:\/\/13.218.190.167\/pt-br\/?s={search_term_string}"},"query-input":"required name=search_term_string"}],"inLanguage":"pt-BR"}]}},"_links":{"self":[{"href":"https:\/\/www.bvrio.org\/pt-br\/wp-json\/wp\/v2\/pages\/7431","targetHints":{"allow":["GET"]}}],"collection":[{"href":"https:\/\/www.bvrio.org\/pt-br\/wp-json\/wp\/v2\/pages"}],"about":[{"href":"https:\/\/www.bvrio.org\/pt-br\/wp-json\/wp\/v2\/types\/page"}],"author":[{"embeddable":true,"href":"https:\/\/www.bvrio.org\/pt-br\/wp-json\/wp\/v2\/users\/2"}],"replies":[{"embeddable":true,"href":"https:\/\/www.bvrio.org\/pt-br\/wp-json\/wp\/v2\/comments?post=7431"}],"version-history":[{"count":3,"href":"https:\/\/www.bvrio.org\/pt-br\/wp-json\/wp\/v2\/pages\/7431\/revisions"}],"predecessor-version":[{"id":9583,"href":"https:\/\/www.bvrio.org\/pt-br\/wp-json\/wp\/v2\/pages\/7431\/revisions\/9583"}],"wp:attachment":[{"href":"https:\/\/www.bvrio.org\/pt-br\/wp-json\/wp\/v2\/media?parent=7431"}],"curies":[{"name":"wp","href":"https:\/\/api.w.org\/{rel}","templated":true}]}}